{"id":50,"date":"2020-07-02T18:37:51","date_gmt":"2020-07-02T18:37:51","guid":{"rendered":"https:\/\/www.apartmani-banovic.com\/?page_id=50"},"modified":"2025-02-05T17:08:11","modified_gmt":"2025-02-05T17:08:11","slug":"ap-4-kat","status":"publish","type":"page","link":"https:\/\/www.apartmani-banovic.com\/en\/apartmani\/ap-4-kat\/","title":{"rendered":"App. 4 &#8211; KAT"},"content":{"rendered":"<p>APARTMENT A4 is located on the 1st FLOOR \/ 70 m2.<\/p>\n<p>(2+3) \u2013 bedroom with double bed, living room with double bed and 120cm bed, toilet, pink kitchen, washing machine, dishwasher, terrace, air conditioning, wifi, parking, barbecue.<\/p>\n<p>Price:<br \/>\n01.06. &#8211; 30.06. 75\u20ac<br \/>\n01.07.- 15.07. 85\u20ac<br \/>\n15.07. &#8211; 15.08. 95\u20ac<br \/>\n15.08. &#8211; 31.08. 85\u20ac<br \/>\n01.09. &#8211; 30.09. 75\u20ac<\/p>\n<script type=\"text\/javascript\">\r\ndocument.addEventListener(\"DOMContentLoaded\", function(event) { \r\n\tjQuery( '#slider-pro-3-206' ).sliderPro({\r\n\t\t\/\/width\r\n\t\t\t\twidth: 1000,\r\n\t\t\t\t\r\n\t\t\/\/height\r\n\t\t\t\theight: 500,\r\n\t\t\t\t\r\n\t\t\/\/auto play\r\n\t\t\t\tautoplay:  true,\r\n\t\tautoplayOnHover: 'none',\r\n\t\t\t\t\t\t\t\tautoplayDelay: 4000,\r\n\t\t\r\n\t\t\r\n\t\tarrows: true,\r\n\t\tbuttons: false,\r\n\t\tsmallSize: 500,\r\n\t\tmediumSize: 1000,\r\n\t\tlargeSize: 3000,\r\n\t\tfade: true,\r\n\t\t\r\n\t\t\/\/thumbnail\r\n\t\tthumbnailArrows: true,\r\n\t\tthumbnailWidth: 120,\r\n\t\tthumbnailHeight: 120,\r\n\t\t\t\t\t\tthumbnailsPosition: 'bottom',\r\n\t\t\t\t\t\tcenterImage: true,\r\n\t\timageScaleMode: 'cover',\r\n\t\tallowScaleUp: true,\r\n\t\t\t\tstartSlide: 0,\r\n\t\tloop: true,\r\n\t\tslideDistance: 5,\r\n\t\tautoplayDirection: 'normal',\r\n\t\ttouchSwipe: true,\r\n\t\tfullScreen: true,\r\n\t});\r\n});\r\n<\/script>\r\n<style>\r\n\/* Layout 3 *\/\r\n\/* border *\/\r\n#slider-pro-3-206 .sp-selected-thumbnail {\r\n\tborder: 4px solid #000000;\r\n}\r\n\r\n\/* font + color *\/\r\n.title-in  {\r\n\tfont-family: Arial !important;\r\n\tcolor: #FFFFFF !important;\r\n\tbackground-color: #000000 !important;\r\n\topacity: 0.7 !important;\r\n}\r\n.desc-in  {\r\n\tfont-family: Arial !important;\r\n\tcolor: #FFFFFF !important;\r\n\tbackground-color: #00000 !important;\r\n\topacity: 0.7 !important;\r\n}\r\n\r\n\/* bullets color *\/\r\n.sp-button  {\r\n\tborder: 2px solid #000000 !important;\r\n}\r\n.sp-selected-button  {\r\n\tbackground-color: #000000 !important;\r\n}\r\n\r\n\/* pointer color - bottom *\/\r\n.sp-selected-thumbnail::before {\r\n\tborder-bottom: 5px solid #000000 !important;\r\n}\r\n.sp-selected-thumbnail::after {\r\n\tborder-bottom: 13px solid #000000 !important;\r\n}\r\n\r\n\/* pointer color - top *\/\r\n\r\n\/* full screen icon *\/\r\n.sp-full-screen-button::before {\r\n    color: #FFFFFF !important;\r\n}\r\n\r\n\/* hover navigation icon color *\/\r\n.sp-next-arrow::after, .sp-next-arrow::before {\r\n\tbackground-color: #FFFFFF !important;\r\n}\r\n.sp-previous-arrow::after, .sp-previous-arrow::before {\r\n\tbackground-color: #FFFFFF !important;\r\n}\r\n\r\n#slider-pro-3-206 .title-in {\r\n\tcolor: #FFFFFF !important;\r\n\tfont-weight: bolder;\r\n\ttext-align: center;\r\n}\r\n\r\n#slider-pro-3-206 .title-in-bg {\r\n\tbackground: rgba(255, 255, 255, 0.7); !important;\r\n\twhite-space: unset !important;\r\n\tmax-width: 90%;\r\n\tmin-width: 40%;\r\n\ttransform: initial !important;\r\n\t-webkit-transform: initial !important;\r\n\tfont-size: 14px !important;\r\n}\r\n\r\n#slider-pro-3-206 .desc-in {\r\n\tcolor: #FFFFFF !important;\r\n\ttext-align: center;\r\n}\r\n#slider-pro-3-206 .desc-in-bg {\r\n\tbackground: rgba(#00000, 0.7) !important;\r\n\twhite-space: unset !important;\r\n\twidth: 80% !important;\r\n\tmin-width: 30%;\r\n\ttransform: initial !important;\r\n\t-webkit-transform: initial !important;\r\n\tfont-size: 13px !important;\r\n}\r\n\r\n@media (max-width: 640px) {\r\n\t#slider-pro-3-206 .hide-small-screen {\r\n\t\tdisplay: none;\r\n\t}\r\n}\r\n\r\n@media (max-width: 860px) {\r\n\t#slider-pro-3-206 .sp-layer {\r\n\t\tfont-size: 18px;\r\n\t}\r\n\t\r\n\t#slider-pro-3-206 .hide-medium-screen {\r\n\t\tdisplay: none;\r\n\t}\r\n}\r\n.slides-not-found {\r\n\tbackground-color: #a92929;\r\n\tborder-radius: 5px;\r\n\tcolor: #fff;\r\n\tfont-family: initial;\r\n\ttext-align: center;\r\n\tpadding:12px;\r\n}\r\n\/* Custom CSS *\/\r\n<\/style>\r\n\t\t<div id=\"slider-pro-3-206\" class=\"slider-pro\">\r\n\t\t\t<!---- slides div start ---->\r\n\t\t\t<div class=\"sp-slides\">\r\n\t\t\t\t\t\t\t\t\t\t<div class=\"sp-slide\">\r\n\t\t\t\t\t\t\t<img class=\"sp-image\" alt=\"Apartmani (25)\" src=\"https:\/\/www.apartmani-banovic.com\/wp-content\/plugins\/ultimate-responsive-image-slider\/assets\/css\/images\/blank.gif\" data-src=\"https:\/\/www.apartmani-banovic.com\/wp-content\/uploads\/2025\/01\/Apartmani-25.jpg\" \/>\r\n\r\n\t\t\t\t\t\t\t\r\n\t\t\t\t\t\t\t\t\t\t\t\t\t<\/div>\r\n\t\t\t\t\t\t\t\t\t\t\t\t<div class=\"sp-slide\">\r\n\t\t\t\t\t\t\t<img class=\"sp-image\" alt=\"Apartmani (24)\" src=\"https:\/\/www.apartmani-banovic.com\/wp-content\/plugins\/ultimate-responsive-image-slider\/assets\/css\/images\/blank.gif\" data-src=\"https:\/\/www.apartmani-banovic.com\/wp-content\/uploads\/2025\/01\/Apartmani-24.jpg\" \/>\r\n\r\n\t\t\t\t\t\t\t\r\n\t\t\t\t\t\t\t\t\t\t\t\t\t<\/div>\r\n\t\t\t\t\t\t\t\t\t\t\t\t<div class=\"sp-slide\">\r\n\t\t\t\t\t\t\t<img class=\"sp-image\" alt=\"IMG-abde97bc41bae4499e2ef977e5438a59-V\" src=\"https:\/\/www.apartmani-banovic.com\/wp-content\/plugins\/ultimate-responsive-image-slider\/assets\/css\/images\/blank.gif\" data-src=\"https:\/\/www.apartmani-banovic.com\/wp-content\/uploads\/2020\/07\/IMG-abde97bc41bae4499e2ef977e5438a59-V.jpg\" \/>\r\n\r\n\t\t\t\t\t\t\t\r\n\t\t\t\t\t\t\t\t\t\t\t\t\t<\/div>\r\n\t\t\t\t\t\t\t\t\t\t\t\t<div class=\"sp-slide\">\r\n\t\t\t\t\t\t\t<img class=\"sp-image\" alt=\"IMG-dcf8f61b26ca83e89121411dd1162fb7-V\" src=\"https:\/\/www.apartmani-banovic.com\/wp-content\/plugins\/ultimate-responsive-image-slider\/assets\/css\/images\/blank.gif\" data-src=\"https:\/\/www.apartmani-banovic.com\/wp-content\/uploads\/2020\/07\/IMG-dcf8f61b26ca83e89121411dd1162fb7-V.jpg\" \/>\r\n\r\n\t\t\t\t\t\t\t\r\n\t\t\t\t\t\t\t\t\t\t\t\t\t<\/div>\r\n\t\t\t\t\t\t\t\t\t\t\t\t<div class=\"sp-slide\">\r\n\t\t\t\t\t\t\t<img class=\"sp-image\" alt=\"IMG-246117613d783f64bfc79140cd924e22-V\" src=\"https:\/\/www.apartmani-banovic.com\/wp-content\/plugins\/ultimate-responsive-image-slider\/assets\/css\/images\/blank.gif\" data-src=\"https:\/\/www.apartmani-banovic.com\/wp-content\/uploads\/2020\/07\/IMG-246117613d783f64bfc79140cd924e22-V.jpg\" \/>\r\n\r\n\t\t\t\t\t\t\t\r\n\t\t\t\t\t\t\t\t\t\t\t\t\t<\/div>\r\n\t\t\t\t\t\t\t\t\t\t\t\t<div class=\"sp-slide\">\r\n\t\t\t\t\t\t\t<img class=\"sp-image\" alt=\"img-1697387\" src=\"https:\/\/www.apartmani-banovic.com\/wp-content\/plugins\/ultimate-responsive-image-slider\/assets\/css\/images\/blank.gif\" data-src=\"https:\/\/www.apartmani-banovic.com\/wp-content\/uploads\/2020\/07\/img-1697387.jpg\" \/>\r\n\r\n\t\t\t\t\t\t\t\r\n\t\t\t\t\t\t\t\t\t\t\t\t\t<\/div>\r\n\t\t\t\t\t\t\t\t\t\t\t\t<div class=\"sp-slide\">\r\n\t\t\t\t\t\t\t<img class=\"sp-image\" alt=\"img-1697397\" src=\"https:\/\/www.apartmani-banovic.com\/wp-content\/plugins\/ultimate-responsive-image-slider\/assets\/css\/images\/blank.gif\" data-src=\"https:\/\/www.apartmani-banovic.com\/wp-content\/uploads\/2020\/07\/img-1697397.jpg\" \/>\r\n\r\n\t\t\t\t\t\t\t\r\n\t\t\t\t\t\t\t\t\t\t\t\t\t<\/div>\r\n\t\t\t\t\t\t\t\t\t\t\t\t<div class=\"sp-slide\">\r\n\t\t\t\t\t\t\t<img class=\"sp-image\" alt=\"img-1697406\" src=\"https:\/\/www.apartmani-banovic.com\/wp-content\/plugins\/ultimate-responsive-image-slider\/assets\/css\/images\/blank.gif\" data-src=\"https:\/\/www.apartmani-banovic.com\/wp-content\/uploads\/2020\/07\/img-1697406.jpg\" \/>\r\n\r\n\t\t\t\t\t\t\t\r\n\t\t\t\t\t\t\t\t\t\t\t\t\t<\/div>\r\n\t\t\t\t\t\t\t\t\t\t\t\t<div class=\"sp-slide\">\r\n\t\t\t\t\t\t\t<img class=\"sp-image\" alt=\"IMG-a0bcd362087a6eb12c2edd3a8daf9f62-V\" src=\"https:\/\/www.apartmani-banovic.com\/wp-content\/plugins\/ultimate-responsive-image-slider\/assets\/css\/images\/blank.gif\" data-src=\"https:\/\/www.apartmani-banovic.com\/wp-content\/uploads\/2020\/07\/IMG-a0bcd362087a6eb12c2edd3a8daf9f62-V.jpg\" \/>\r\n\r\n\t\t\t\t\t\t\t\r\n\t\t\t\t\t\t\t\t\t\t\t\t\t<\/div>\r\n\t\t\t\t\t\t\t\t\t\t\t\t<div class=\"sp-slide\">\r\n\t\t\t\t\t\t\t<img class=\"sp-image\" alt=\"img-1697408\" src=\"https:\/\/www.apartmani-banovic.com\/wp-content\/plugins\/ultimate-responsive-image-slider\/assets\/css\/images\/blank.gif\" data-src=\"https:\/\/www.apartmani-banovic.com\/wp-content\/uploads\/2020\/07\/img-1697408.jpg\" \/>\r\n\r\n\t\t\t\t\t\t\t\r\n\t\t\t\t\t\t\t\t\t\t\t\t\t<\/div>\r\n\t\t\t\t\t\t\t\t\t\t\t\t<div class=\"sp-slide\">\r\n\t\t\t\t\t\t\t<img class=\"sp-image\" alt=\"IMG-b4786e663d1894cc014279bc90eb60f8-V\" src=\"https:\/\/www.apartmani-banovic.com\/wp-content\/plugins\/ultimate-responsive-image-slider\/assets\/css\/images\/blank.gif\" data-src=\"https:\/\/www.apartmani-banovic.com\/wp-content\/uploads\/2020\/07\/IMG-b4786e663d1894cc014279bc90eb60f8-V.jpg\" \/>\r\n\r\n\t\t\t\t\t\t\t\r\n\t\t\t\t\t\t\t\t\t\t\t\t\t<\/div>\r\n\t\t\t\t\t\t\t\t\t\t\t\t<div class=\"sp-slide\">\r\n\t\t\t\t\t\t\t<img class=\"sp-image\" alt=\"IMG-c5dc8f9a1e21b140f89e2baadfaf443b-V\" src=\"https:\/\/www.apartmani-banovic.com\/wp-content\/plugins\/ultimate-responsive-image-slider\/assets\/css\/images\/blank.gif\" data-src=\"https:\/\/www.apartmani-banovic.com\/wp-content\/uploads\/2020\/07\/IMG-c5dc8f9a1e21b140f89e2baadfaf443b-V.jpg\" \/>\r\n\r\n\t\t\t\t\t\t\t\r\n\t\t\t\t\t\t\t\t\t\t\t\t\t<\/div>\r\n\t\t\t\t\t\t\t\t\t\t\t\t<div class=\"sp-slide\">\r\n\t\t\t\t\t\t\t<img class=\"sp-image\" alt=\"a4_app_1\" src=\"https:\/\/www.apartmani-banovic.com\/wp-content\/plugins\/ultimate-responsive-image-slider\/assets\/css\/images\/blank.gif\" data-src=\"https:\/\/www.apartmani-banovic.com\/wp-content\/uploads\/2021\/06\/a4_app_1.jpg\" \/>\r\n\r\n\t\t\t\t\t\t\t\r\n\t\t\t\t\t\t\t\t\t\t\t\t\t<\/div>\r\n\t\t\t\t\t\t\t\t\t<\/div>\r\n\t\t\t\r\n\t\t\t<!---- slides div end ---->\r\n\t\t\t\t\t\t<!-- slides thumbnails div start -->\r\n\t\t\t<div class=\"sp-thumbnails\">\r\n\t\t\t\t\t\t\t\t\t\t<img class=\"sp-thumbnail\" src=\"https:\/\/www.apartmani-banovic.com\/wp-content\/plugins\/ultimate-responsive-image-slider\/assets\/img\/loading.gif\" data-src=\"https:\/\/www.apartmani-banovic.com\/wp-content\/uploads\/2025\/01\/Apartmani-25-300x225.jpg\" alt=\"Apartmani (25)\"\/>\r\n\t\t\t\t\t\t\t\t\t\t\t<img class=\"sp-thumbnail\" src=\"https:\/\/www.apartmani-banovic.com\/wp-content\/plugins\/ultimate-responsive-image-slider\/assets\/img\/loading.gif\" data-src=\"https:\/\/www.apartmani-banovic.com\/wp-content\/uploads\/2025\/01\/Apartmani-24-300x225.jpg\" alt=\"Apartmani (24)\"\/>\r\n\t\t\t\t\t\t\t\t\t\t\t<img class=\"sp-thumbnail\" src=\"https:\/\/www.apartmani-banovic.com\/wp-content\/plugins\/ultimate-responsive-image-slider\/assets\/img\/loading.gif\" data-src=\"https:\/\/www.apartmani-banovic.com\/wp-content\/uploads\/2020\/07\/IMG-abde97bc41bae4499e2ef977e5438a59-V-300x200.jpg\" alt=\"IMG-abde97bc41bae4499e2ef977e5438a59-V\"\/>\r\n\t\t\t\t\t\t\t\t\t\t\t<img class=\"sp-thumbnail\" src=\"https:\/\/www.apartmani-banovic.com\/wp-content\/plugins\/ultimate-responsive-image-slider\/assets\/img\/loading.gif\" data-src=\"https:\/\/www.apartmani-banovic.com\/wp-content\/uploads\/2020\/07\/IMG-dcf8f61b26ca83e89121411dd1162fb7-V-300x200.jpg\" alt=\"IMG-dcf8f61b26ca83e89121411dd1162fb7-V\"\/>\r\n\t\t\t\t\t\t\t\t\t\t\t<img class=\"sp-thumbnail\" src=\"https:\/\/www.apartmani-banovic.com\/wp-content\/plugins\/ultimate-responsive-image-slider\/assets\/img\/loading.gif\" data-src=\"https:\/\/www.apartmani-banovic.com\/wp-content\/uploads\/2020\/07\/IMG-246117613d783f64bfc79140cd924e22-V-300x200.jpg\" alt=\"IMG-246117613d783f64bfc79140cd924e22-V\"\/>\r\n\t\t\t\t\t\t\t\t\t\t\t<img class=\"sp-thumbnail\" src=\"https:\/\/www.apartmani-banovic.com\/wp-content\/plugins\/ultimate-responsive-image-slider\/assets\/img\/loading.gif\" data-src=\"https:\/\/www.apartmani-banovic.com\/wp-content\/uploads\/2020\/07\/img-1697387-300x191.jpg\" alt=\"img-1697387\"\/>\r\n\t\t\t\t\t\t\t\t\t\t\t<img class=\"sp-thumbnail\" src=\"https:\/\/www.apartmani-banovic.com\/wp-content\/plugins\/ultimate-responsive-image-slider\/assets\/img\/loading.gif\" data-src=\"https:\/\/www.apartmani-banovic.com\/wp-content\/uploads\/2020\/07\/img-1697397-300x200.jpg\" alt=\"img-1697397\"\/>\r\n\t\t\t\t\t\t\t\t\t\t\t<img class=\"sp-thumbnail\" src=\"https:\/\/www.apartmani-banovic.com\/wp-content\/plugins\/ultimate-responsive-image-slider\/assets\/img\/loading.gif\" data-src=\"https:\/\/www.apartmani-banovic.com\/wp-content\/uploads\/2020\/07\/img-1697406-300x200.jpg\" alt=\"img-1697406\"\/>\r\n\t\t\t\t\t\t\t\t\t\t\t<img class=\"sp-thumbnail\" src=\"https:\/\/www.apartmani-banovic.com\/wp-content\/plugins\/ultimate-responsive-image-slider\/assets\/img\/loading.gif\" data-src=\"https:\/\/www.apartmani-banovic.com\/wp-content\/uploads\/2020\/07\/IMG-a0bcd362087a6eb12c2edd3a8daf9f62-V-300x200.jpg\" alt=\"IMG-a0bcd362087a6eb12c2edd3a8daf9f62-V\"\/>\r\n\t\t\t\t\t\t\t\t\t\t\t<img class=\"sp-thumbnail\" src=\"https:\/\/www.apartmani-banovic.com\/wp-content\/plugins\/ultimate-responsive-image-slider\/assets\/img\/loading.gif\" data-src=\"https:\/\/www.apartmani-banovic.com\/wp-content\/uploads\/2020\/07\/img-1697408-300x200.jpg\" alt=\"img-1697408\"\/>\r\n\t\t\t\t\t\t\t\t\t\t\t<img class=\"sp-thumbnail\" src=\"https:\/\/www.apartmani-banovic.com\/wp-content\/plugins\/ultimate-responsive-image-slider\/assets\/img\/loading.gif\" data-src=\"https:\/\/www.apartmani-banovic.com\/wp-content\/uploads\/2020\/07\/IMG-b4786e663d1894cc014279bc90eb60f8-V-300x200.jpg\" alt=\"IMG-b4786e663d1894cc014279bc90eb60f8-V\"\/>\r\n\t\t\t\t\t\t\t\t\t\t\t<img class=\"sp-thumbnail\" src=\"https:\/\/www.apartmani-banovic.com\/wp-content\/plugins\/ultimate-responsive-image-slider\/assets\/img\/loading.gif\" data-src=\"https:\/\/www.apartmani-banovic.com\/wp-content\/uploads\/2020\/07\/IMG-c5dc8f9a1e21b140f89e2baadfaf443b-V-300x191.jpg\" alt=\"IMG-c5dc8f9a1e21b140f89e2baadfaf443b-V\"\/>\r\n\t\t\t\t\t\t\t\t\t\t\t<img class=\"sp-thumbnail\" src=\"https:\/\/www.apartmani-banovic.com\/wp-content\/plugins\/ultimate-responsive-image-slider\/assets\/img\/loading.gif\" data-src=\"https:\/\/www.apartmani-banovic.com\/wp-content\/uploads\/2021\/06\/a4_app_1-203x300.jpg\" alt=\"a4_app_1\"\/>\r\n\t\t\t\t\t\t\t\t<\/div>\r\n\t\t\t\t\t\t<!-- slides thumbnails div end -->\r\n\t\t<\/div>\r\n\n<p>Only one parking space is provided for each apartment.<br \/>\n\u2022 Smoking is prohibited inside the apartment.<br \/>\n\u2022 You can use the barbecue with prior notice to the owner.<br \/>\n\u2022 In order to reserve accommodation, an advance payment in the amount of two nights is required.<br \/>\n\u2022 In the apartment you have: bed linen, one towel per person, kitchen towels, hairdryer, iron with ironing board, vacuum cleaner, kettle, microwave.<br \/>\n\u2022 We do not accept pets.<br \/>\n\u2022 Minimum reservation 5 nights.<br \/>\n\u2022 Advance payment for 3 nights<\/p>","protected":false},"excerpt":{"rendered":"<p>APARTMAN A4 nalazi se na 1. KATU\u00a0 \/ 70 m2. (2+3) &#8211; spava\u0107a soba bra\u010dni le\u017eaj, boravak bra\u010dni le\u017eaj i le\u017eaj 120cm, wc, roza kuhinja, perilica rublja, perilica za su\u0111e, terasa, klima, wifi, parking, ro\u0161tilj. Cijena: 01.06. &#8211; 30.06. 75\u20ac 01.07.- 15.07. 85\u20ac 15.07. &#8211; 15.08. 95\u20ac 15.08. &#8211; 31.08. 85\u20ac 01.09. &#8211; 30.09. 75\u20ac &#8230;.&nbsp;&nbsp;<a class=\"default\" href=\"https:\/\/www.apartmani-banovic.com\/en\/?p=206\">Read More<\/a><\/p>","protected":false},"author":2,"featured_media":0,"parent":18,"menu_order":4,"comment_status":"closed","ping_status":"closed","template":"","meta":[],"yoast_head":"<!-- This site is optimized with the Yoast SEO plugin v19.13 - https:\/\/yoast.com\/wordpress\/plugins\/seo\/ -->\n<title>App. 4 - KAT -<\/title>\n<meta name=\"description\" content=\"apartman, vodice, hrvatska, croatia, banovic, apartments\" \/>\n<meta name=\"robots\" content=\"index, follow, max-snippet:-1, max-image-preview:large, max-video-preview:-1\" \/>\n<link rel=\"canonical\" href=\"https:\/\/www.apartmani-banovic.com\/en\/apartmani\/ap-4-kat\/\" \/>\n<meta property=\"og:locale\" content=\"en_US\" \/>\n<meta property=\"og:type\" content=\"article\" \/>\n<meta property=\"og:title\" content=\"App. 4 - KAT -\" \/>\n<meta property=\"og:description\" content=\"apartman, vodice, hrvatska, croatia, banovic, apartments\" \/>\n<meta property=\"og:url\" content=\"https:\/\/www.apartmani-banovic.com\/en\/apartmani\/ap-4-kat\/\" \/>\n<meta property=\"article:modified_time\" content=\"2025-02-05T17:08:11+00:00\" \/>\n<meta name=\"twitter:card\" content=\"summary_large_image\" \/>\n<meta name=\"twitter:label1\" content=\"Est. reading time\" \/>\n\t<meta name=\"twitter:data1\" content=\"1 minute\" \/>\n<script type=\"application\/ld+json\" class=\"yoast-schema-graph\">{\"@context\":\"https:\/\/schema.org\",\"@graph\":[{\"@type\":\"WebPage\",\"@id\":\"https:\/\/www.apartmani-banovic.com\/apartmani\/ap-4-kat\/\",\"url\":\"https:\/\/www.apartmani-banovic.com\/apartmani\/ap-4-kat\/\",\"name\":\"App. 4 - KAT -\",\"isPartOf\":{\"@id\":\"https:\/\/www.apartmani-banovic.com\/#website\"},\"datePublished\":\"2020-07-02T18:37:51+00:00\",\"dateModified\":\"2025-02-05T17:08:11+00:00\",\"description\":\"apartman, vodice, hrvatska, croatia, banovic, apartments\",\"breadcrumb\":{\"@id\":\"https:\/\/www.apartmani-banovic.com\/apartmani\/ap-4-kat\/#breadcrumb\"},\"inLanguage\":\"en-US\",\"potentialAction\":[{\"@type\":\"ReadAction\",\"target\":[\"https:\/\/www.apartmani-banovic.com\/apartmani\/ap-4-kat\/\"]}]},{\"@type\":\"BreadcrumbList\",\"@id\":\"https:\/\/www.apartmani-banovic.com\/apartmani\/ap-4-kat\/#breadcrumb\",\"itemListElement\":[{\"@type\":\"ListItem\",\"position\":1,\"name\":\"Po\u010detna stranica\",\"item\":\"https:\/\/www.apartmani-banovic.com\/\"},{\"@type\":\"ListItem\",\"position\":2,\"name\":\"Smje\u0161taj\",\"item\":\"https:\/\/www.apartmani-banovic.com\/apartmani\/\"},{\"@type\":\"ListItem\",\"position\":3,\"name\":\"App. 4 &#8211; KAT\"}]},{\"@type\":\"WebSite\",\"@id\":\"https:\/\/www.apartmani-banovic.com\/#website\",\"url\":\"https:\/\/www.apartmani-banovic.com\/\",\"name\":\"\",\"description\":\"\",\"publisher\":{\"@id\":\"https:\/\/www.apartmani-banovic.com\/#organization\"},\"potentialAction\":[{\"@type\":\"SearchAction\",\"target\":{\"@type\":\"EntryPoint\",\"urlTemplate\":\"https:\/\/www.apartmani-banovic.com\/?s={search_term_string}\"},\"query-input\":\"required name=search_term_string\"}],\"inLanguage\":\"en-US\"},{\"@type\":\"Organization\",\"@id\":\"https:\/\/www.apartmani-banovic.com\/#organization\",\"name\":\"Apartmani Banovi\u0107 Vodice\",\"url\":\"https:\/\/www.apartmani-banovic.com\/\",\"logo\":{\"@type\":\"ImageObject\",\"inLanguage\":\"en-US\",\"@id\":\"https:\/\/www.apartmani-banovic.com\/#\/schema\/logo\/image\/\",\"url\":\"https:\/\/www.apartmani-banovic.com\/wp-content\/uploads\/2020\/07\/205512995.jpg\",\"contentUrl\":\"https:\/\/www.apartmani-banovic.com\/wp-content\/uploads\/2020\/07\/205512995.jpg\",\"width\":1024,\"height\":678,\"caption\":\"Apartmani Banovi\u0107 Vodice\"},\"image\":{\"@id\":\"https:\/\/www.apartmani-banovic.com\/#\/schema\/logo\/image\/\"}}]}<\/script>\n<!-- \/ Yoast SEO plugin. -->","yoast_head_json":{"title":"App. 4 - KAT -","description":"apartman, vodice, hrvatska, croatia, banovic, apartments","robots":{"index":"index","follow":"follow","max-snippet":"max-snippet:-1","max-image-preview":"max-image-preview:large","max-video-preview":"max-video-preview:-1"},"canonical":"https:\/\/www.apartmani-banovic.com\/en\/apartmani\/ap-4-kat\/","og_locale":"en_US","og_type":"article","og_title":"App. 4 - KAT -","og_description":"apartman, vodice, hrvatska, croatia, banovic, apartments","og_url":"https:\/\/www.apartmani-banovic.com\/en\/apartmani\/ap-4-kat\/","article_modified_time":"2025-02-05T17:08:11+00:00","twitter_card":"summary_large_image","twitter_misc":{"Est. reading time":"1 minute"},"schema":{"@context":"https:\/\/schema.org","@graph":[{"@type":"WebPage","@id":"https:\/\/www.apartmani-banovic.com\/apartmani\/ap-4-kat\/","url":"https:\/\/www.apartmani-banovic.com\/apartmani\/ap-4-kat\/","name":"App. 4 - KAT -","isPartOf":{"@id":"https:\/\/www.apartmani-banovic.com\/#website"},"datePublished":"2020-07-02T18:37:51+00:00","dateModified":"2025-02-05T17:08:11+00:00","description":"apartman, vodice, hrvatska, croatia, banovic, apartments","breadcrumb":{"@id":"https:\/\/www.apartmani-banovic.com\/apartmani\/ap-4-kat\/#breadcrumb"},"inLanguage":"en-US","potentialAction":[{"@type":"ReadAction","target":["https:\/\/www.apartmani-banovic.com\/apartmani\/ap-4-kat\/"]}]},{"@type":"BreadcrumbList","@id":"https:\/\/www.apartmani-banovic.com\/apartmani\/ap-4-kat\/#breadcrumb","itemListElement":[{"@type":"ListItem","position":1,"name":"Po\u010detna stranica","item":"https:\/\/www.apartmani-banovic.com\/"},{"@type":"ListItem","position":2,"name":"Smje\u0161taj","item":"https:\/\/www.apartmani-banovic.com\/apartmani\/"},{"@type":"ListItem","position":3,"name":"App. 4 &#8211; KAT"}]},{"@type":"WebSite","@id":"https:\/\/www.apartmani-banovic.com\/#website","url":"https:\/\/www.apartmani-banovic.com\/","name":"","description":"","publisher":{"@id":"https:\/\/www.apartmani-banovic.com\/#organization"},"potentialAction":[{"@type":"SearchAction","target":{"@type":"EntryPoint","urlTemplate":"https:\/\/www.apartmani-banovic.com\/?s={search_term_string}"},"query-input":"required name=search_term_string"}],"inLanguage":"en-US"},{"@type":"Organization","@id":"https:\/\/www.apartmani-banovic.com\/#organization","name":"Apartmani Banovi\u0107 Vodice","url":"https:\/\/www.apartmani-banovic.com\/","logo":{"@type":"ImageObject","inLanguage":"en-US","@id":"https:\/\/www.apartmani-banovic.com\/#\/schema\/logo\/image\/","url":"https:\/\/www.apartmani-banovic.com\/wp-content\/uploads\/2020\/07\/205512995.jpg","contentUrl":"https:\/\/www.apartmani-banovic.com\/wp-content\/uploads\/2020\/07\/205512995.jpg","width":1024,"height":678,"caption":"Apartmani Banovi\u0107 Vodice"},"image":{"@id":"https:\/\/www.apartmani-banovic.com\/#\/schema\/logo\/image\/"}}]}},"_links":{"self":[{"href":"https:\/\/www.apartmani-banovic.com\/en\/wp-json\/wp\/v2\/pages\/50"}],"collection":[{"href":"https:\/\/www.apartmani-banovic.com\/en\/wp-json\/wp\/v2\/pages"}],"about":[{"href":"https:\/\/www.apartmani-banovic.com\/en\/wp-json\/wp\/v2\/types\/page"}],"author":[{"embeddable":true,"href":"https:\/\/www.apartmani-banovic.com\/en\/wp-json\/wp\/v2\/users\/2"}],"replies":[{"embeddable":true,"href":"https:\/\/www.apartmani-banovic.com\/en\/wp-json\/wp\/v2\/comments?post=50"}],"version-history":[{"count":15,"href":"https:\/\/www.apartmani-banovic.com\/en\/wp-json\/wp\/v2\/pages\/50\/revisions"}],"predecessor-version":[{"id":397,"href":"https:\/\/www.apartmani-banovic.com\/en\/wp-json\/wp\/v2\/pages\/50\/revisions\/397"}],"up":[{"embeddable":true,"href":"https:\/\/www.apartmani-banovic.com\/en\/wp-json\/wp\/v2\/pages\/18"}],"wp:attachment":[{"href":"https:\/\/www.apartmani-banovic.com\/en\/wp-json\/wp\/v2\/media?parent=50"}],"curies":[{"name":"wp","href":"https:\/\/api.w.org\/{rel}","templated":true}]}}